{"id":33,"date":"2012-10-04T18:52:53","date_gmt":"2012-10-04T16:52:53","guid":{"rendered":"http:\/\/lingualingua.com\/?page_id=33"},"modified":"2020-02-05T12:38:08","modified_gmt":"2020-02-05T11:38:08","slug":"contact","status":"publish","type":"page","link":"http:\/\/www.lingualingua.com\/es\/contact\/","title":{"rendered":"Contacto"},"content":{"rendered":"<p><\/p>\n<p style=\"text-align: center;\"><a href=\"mailto:contact@lingualingua.com\"><img loading=\"lazy\" decoding=\"async\" class=\"aligncenter size-full wp-image-484\" title=\"Contacto\" src=\"http:\/\/www.lingualingua.com\/wp-content\/uploads\/2012\/10\/Iconocontacto.jpg\" alt=\"\" width=\"100\" height=\"100\"><\/a><\/p>\n<p style=\"text-align: center;\">Puedes ponerte en contacto en la siguiente direcci\u00f3n de email:<\/p>\n<p style=\"text-align: center;\"><a href=\"mailto:contact@lingualingua.com\"><img loading=\"lazy\" decoding=\"async\" class=\"aligncenter size-full wp-image-162\" title=\"Emaill\" src=\"http:\/\/www.lingualingua.com\/wp-content\/uploads\/2012\/10\/imagenemail1.png\" alt=\"\" width=\"517\" height=\"79\" srcset=\"http:\/\/www.lingualingua.com\/wp-content\/uploads\/2012\/10\/imagenemail1.png 517w, http:\/\/www.lingualingua.com\/wp-content\/uploads\/2012\/10\/imagenemail1-300x45.png 300w\" sizes=\"(max-width: 517px) 100vw, 517px\" \/><\/a><\/p>\n<p style=\"text-align: center;\">En este tel\u00e9fono:<\/p>\n<p><img loading=\"lazy\" decoding=\"async\" class=\"wp-image-1231 size-full aligncenter\" title=\"Tel\u00e9fono\" src=\"http:\/\/www.lingualingua.com\/wp-content\/uploads\/2020\/01\/telefono.png\" alt=\"\" width=\"300\" height=\"76\"><\/p>\n<p style=\"text-align: center;\">Tambi\u00e9n puedes buscarnos en Skype con el nombre de usuario <strong><span style=\"color: #0e9af7;\">lingualingua<\/span><\/strong><a href=\"skype:Lingua Lingua?call\"><img loading=\"lazy\" decoding=\"async\" style=\"border: none;\" src=\"http:\/\/download.skype.com\/share\/skypebuttons\/buttons\/call_green_white_153x63.png\" alt=\"Skype Me&#x2122;!\" width=\"153\" height=\"63\"><\/a><\/p>\n<p><\/p>","protected":false},"excerpt":{"rendered":"<p>Puedes ponerte en contacto en la siguiente direcci\u00f3n de email: En este tel\u00e9fono: Tambi\u00e9n puedes buscarnos en Skype con el nombre de usuario lingualingua<\/p>\n","protected":false},"author":1,"featured_media":0,"parent":0,"menu_order":4,"comment_status":"closed","ping_status":"closed","template":"template-fullwidth.php","meta":{"footnotes":""},"_links":{"self":[{"href":"http:\/\/www.lingualingua.com\/es\/wp-json\/wp\/v2\/pages\/33"}],"collection":[{"href":"http:\/\/www.lingualingua.com\/es\/wp-json\/wp\/v2\/pages"}],"about":[{"href":"http:\/\/www.lingualingua.com\/es\/wp-json\/wp\/v2\/types\/page"}],"author":[{"embeddable":true,"href":"http:\/\/www.lingualingua.com\/es\/wp-json\/wp\/v2\/users\/1"}],"replies":[{"embeddable":true,"href":"http:\/\/www.lingualingua.com\/es\/wp-json\/wp\/v2\/comments?post=33"}],"version-history":[{"count":43,"href":"http:\/\/www.lingualingua.com\/es\/wp-json\/wp\/v2\/pages\/33\/revisions"}],"predecessor-version":[{"id":1276,"href":"http:\/\/www.lingualingua.com\/es\/wp-json\/wp\/v2\/pages\/33\/revisions\/1276"}],"wp:attachment":[{"href":"http:\/\/www.lingualingua.com\/es\/wp-json\/wp\/v2\/media?parent=33"}],"curies":[{"name":"wp","href":"https:\/\/api.w.org\/{rel}","templated":true}]}}